{"id":25,"date":"2015-08-27T15:13:17","date_gmt":"2015-08-27T13:13:17","guid":{"rendered":"http:\/\/www.wein.de\/?page_id=25"},"modified":"2026-03-26T15:02:13","modified_gmt":"2026-03-26T14:02:13","slug":"impressum","status":"publish","type":"page","link":"https:\/\/www.wein.de\/de\/impressum\/","title":{"rendered":"Impressum"},"content":{"rendered":"<p><b>DLG-Verlag GmbH<br \/>\n<\/b>Eschborner Landstr. 122<br \/>\nD-60489 Frankfurt<\/p>\n<p>Gesch\u00e4ftsf\u00fchrer: Walter Hoffmann<br \/>\nVerantwortlicher im Sinne des \u00a7 55 Abs. 2 RstV: Walter Hoffmann<\/p>\n<p>E-Mail: <a href=\"mailto:info@wein.de\">info@wein.de<\/a><br \/>\nHandelsregister: 8458<br \/>\nUst-IdNr.: 114232688<br \/>\nZust\u00e4ndiges Registergericht: Frankfurt am Main<\/p>\n<p>Zertifiziert durch die Bio-Kontrollstelle: DE-\u00d6KO-037<\/p>\n<p><strong>Winzer-Support<\/strong><\/p>\n<p>Sie sind Winzer und haben eine Frage? Wenden Sie sich an unseren Support <a href=\"mailto:info@euvinopro.eu\" target=\"_blank\" rel=\"noopener\">info@euvinopro.eu<\/a><\/p>\n<p><strong><a href=\"http:\/\/www.wein.de\/registrierung\">Hier k\u00f6nnen Sie sich als Winzer direkt registrieren.<\/a><\/strong><\/p>\n<p>Die EU-Kommission hat eine Internetplattform zur Online-Beilegung von Streitigkeiten geschaffen. Die Plattform dient als Anlaufstelle zur au\u00dfergerichtlichen Beilegung von Streitigkeiten betreffend vertragliche Verpflichtungen, die aus Online-Kaufvertr\u00e4gen er-wachsen.&nbsp;N\u00e4here Informationen sind unter dem folgenden Link verf\u00fcgbar: <a href=\"http:\/\/ec.europa.eu\/consumers\/odr\">http:\/\/ec.europa.eu\/consumers\/odr<\/a>. Wir sind weder bereit noch verpflichtet, an Streitbeile-gungsverfahren vor Verbraucherschlichtungsstellen teilzunehmen.<\/p>\n<p>Das Gesetzes \u00fcber die alternative Streitbeilegung in Verbrauchersachen fordert aber, dass wir Sie trotzdem auf eine f\u00fcr Sie zust\u00e4ndige Verbraucherschlichtungsstelle hinweisen:<\/p>\n<p>Allgemeine Verbraucherschlichtungsstelle des Zentrums f\u00fcr Schlichtung e. V.<br \/>\nStra\u00dfburger Str. 8<br \/>\n77694 Kehl<\/p>\n<p>Internet: <a href=\"http:\/\/www.verbraucher-schlichter.de\">www.verbraucher-schlichter.de<\/a><\/p>\n<hr>\n<p><b>Bild- und Textnachweis:<\/b><\/p>\n<p><a href=\"http:\/\/www.deutscheweine.de\/\" target=\"_blank\" rel=\"noopener\">Deutsches Weininstitut (DWI), Mainz<\/a>; <a href=\"http:\/\/www.alles-ueber-wein.de\/\" target=\"_blank\" rel=\"noopener\">Woschek Verlags GmbH, Mainz<\/a><\/p>\n<p>Copyright \u00a9 2015 DLG-Verlag GmbH<\/p>\n","protected":false},"excerpt":{"rendered":"<p>DLG-Verlag GmbH Eschborner Landstr. 122 D-60489 Frankfurt Gesch\u00e4ftsf\u00fchrer: Walter Hoffmann Verantwortlicher im Sinne des \u00a7 55 Abs. 2 RstV: Walter Hoffmann E-Mail: info@wein.de Handelsregister: 8458 Ust-IdNr.: 114232688 Zust\u00e4ndiges Registergericht: Frankfurt am Main Zertifiziert durch die Bio-Kontrollstelle: DE-\u00d6KO-037 Winzer-Support Sie sind Winzer und haben eine Frage? Wenden Sie sich an unseren Support info@euvinopro.eu Hier k\u00f6nnen Sie sich als Winzer direkt registrieren. Die EU-Kommission hat eine Internetplattform zur Online-Beilegung von Streitigkeiten geschaffen. Die Plattform dient als Anlaufstelle zur au\u00dfergerichtlichen Beilegung von Streitigkeiten betreffend vertragliche Verpflichtungen, die aus Online-Kaufvertr\u00e4gen er-wachsen.&nbsp;N\u00e4here Informationen sind unter dem folgenden Link verf\u00fcgbar: http:\/\/ec.europa.eu\/consumers\/odr. Wir sind weder bereit noch&#8230;<\/p>\n","protected":false},"author":2,"featured_media":0,"parent":0,"menu_order":0,"comment_status":"closed","ping_status":"closed","template":"","meta":[],"yoast_head":"<!-- This site is optimized with the Yoast SEO plugin v17.3 - https:\/\/yoast.com\/wordpress\/plugins\/seo\/ -->\n<title>Impressum &mdash; Wein.de<\/title>\n<meta name=\"description\" content=\"DLG-Verlag GmbH Eschborner Landstr. 122 D-60489 Frankfurt Gesch\u00e4ftsf\u00fchrer: Walter Hoffmann Verantwortlicher im Sinne des \u00a7 55 Abs. 2 RstV: Walter Hoffmann\" \/>\n<meta name=\"robots\" content=\"noindex, follow\" \/>\n<meta property=\"og:locale\" content=\"de_DE\" \/>\n<meta property=\"og:type\" content=\"article\" \/>\n<meta property=\"og:title\" content=\"Impressum &mdash; Wein.de\" \/>\n<meta property=\"og:description\" content=\"DLG-Verlag GmbH Eschborner Landstr. 122 D-60489 Frankfurt Gesch\u00e4ftsf\u00fchrer: Walter Hoffmann Verantwortlicher im Sinne des \u00a7 55 Abs. 2 RstV: Walter Hoffmann\" \/>\n<meta property=\"og:url\" content=\"https:\/\/www.wein.de\/de\/impressum\/\" \/>\n<meta property=\"og:site_name\" content=\"Wein.de\" \/>\n<meta property=\"article:modified_time\" content=\"2026-03-26T14:02:13+00:00\" \/>\n<meta name=\"twitter:card\" content=\"summary\" \/>\n<meta name=\"twitter:label1\" content=\"Est. reading time\" \/>\n\t<meta name=\"twitter:data1\" content=\"1 Minute\" \/>\n<script type=\"application\/ld+json\" class=\"yoast-schema-graph\">{\"@context\":\"https:\/\/schema.org\",\"@graph\":[{\"@type\":\"WebSite\",\"@id\":\"https:\/\/www.wein.de\/de\/#website\",\"url\":\"https:\/\/www.wein.de\/de\/\",\"name\":\"Wein.de\",\"description\":\"Authentische Winzer-Weine - zum Best-Preis!\",\"potentialAction\":[{\"@type\":\"SearchAction\",\"target\":{\"@type\":\"EntryPoint\",\"urlTemplate\":\"https:\/\/www.wein.de\/de\/?s={search_term_string}\"},\"query-input\":\"required name=search_term_string\"}],\"inLanguage\":\"de-DE\"},{\"@type\":\"WebPage\",\"@id\":\"https:\/\/www.wein.de\/de\/impressum\/#webpage\",\"url\":\"https:\/\/www.wein.de\/de\/impressum\/\",\"name\":\"Impressum &mdash; Wein.de\",\"isPartOf\":{\"@id\":\"https:\/\/www.wein.de\/de\/#website\"},\"datePublished\":\"2015-08-27T13:13:17+00:00\",\"dateModified\":\"2026-03-26T14:02:13+00:00\",\"description\":\"DLG-Verlag GmbH Eschborner Landstr. 122 D-60489 Frankfurt Gesch\\u00e4ftsf\\u00fchrer: Walter Hoffmann Verantwortlicher im Sinne des \\u00a7 55 Abs. 2 RstV: Walter Hoffmann\",\"breadcrumb\":{\"@id\":\"https:\/\/www.wein.de\/de\/impressum\/#breadcrumb\"},\"inLanguage\":\"de-DE\",\"potentialAction\":[{\"@type\":\"ReadAction\",\"target\":[\"https:\/\/www.wein.de\/de\/impressum\/\"]}]},{\"@type\":\"BreadcrumbList\",\"@id\":\"https:\/\/www.wein.de\/de\/impressum\/#breadcrumb\",\"itemListElement\":[{\"@type\":\"ListItem\",\"position\":1,\"name\":\"Startseite\",\"item\":\"https:\/\/www.wein.de\/de\/\"},{\"@type\":\"ListItem\",\"position\":2,\"name\":\"Impressum\"}]}]}<\/script>\n<!-- \/ Yoast SEO plugin. -->","yoast_head_json":{"title":"Impressum &mdash; Wein.de","description":"DLG-Verlag GmbH Eschborner Landstr. 122 D-60489 Frankfurt Gesch\u00e4ftsf\u00fchrer: Walter Hoffmann Verantwortlicher im Sinne des \u00a7 55 Abs. 2 RstV: Walter Hoffmann","robots":{"index":"noindex","follow":"follow"},"og_locale":"de_DE","og_type":"article","og_title":"Impressum &mdash; Wein.de","og_description":"DLG-Verlag GmbH Eschborner Landstr. 122 D-60489 Frankfurt Gesch\u00e4ftsf\u00fchrer: Walter Hoffmann Verantwortlicher im Sinne des \u00a7 55 Abs. 2 RstV: Walter Hoffmann","og_url":"https:\/\/www.wein.de\/de\/impressum\/","og_site_name":"Wein.de","article_modified_time":"2026-03-26T14:02:13+00:00","twitter_card":"summary","twitter_misc":{"Est. reading time":"1 Minute"},"schema":{"@context":"https:\/\/schema.org","@graph":[{"@type":"WebSite","@id":"https:\/\/www.wein.de\/de\/#website","url":"https:\/\/www.wein.de\/de\/","name":"Wein.de","description":"Authentische Winzer-Weine - zum Best-Preis!","potentialAction":[{"@type":"SearchAction","target":{"@type":"EntryPoint","urlTemplate":"https:\/\/www.wein.de\/de\/?s={search_term_string}"},"query-input":"required name=search_term_string"}],"inLanguage":"de-DE"},{"@type":"WebPage","@id":"https:\/\/www.wein.de\/de\/impressum\/#webpage","url":"https:\/\/www.wein.de\/de\/impressum\/","name":"Impressum &mdash; Wein.de","isPartOf":{"@id":"https:\/\/www.wein.de\/de\/#website"},"datePublished":"2015-08-27T13:13:17+00:00","dateModified":"2026-03-26T14:02:13+00:00","description":"DLG-Verlag GmbH Eschborner Landstr. 122 D-60489 Frankfurt Gesch\u00e4ftsf\u00fchrer: Walter Hoffmann Verantwortlicher im Sinne des \u00a7 55 Abs. 2 RstV: Walter Hoffmann","breadcrumb":{"@id":"https:\/\/www.wein.de\/de\/impressum\/#breadcrumb"},"inLanguage":"de-DE","potentialAction":[{"@type":"ReadAction","target":["https:\/\/www.wein.de\/de\/impressum\/"]}]},{"@type":"BreadcrumbList","@id":"https:\/\/www.wein.de\/de\/impressum\/#breadcrumb","itemListElement":[{"@type":"ListItem","position":1,"name":"Startseite","item":"https:\/\/www.wein.de\/de\/"},{"@type":"ListItem","position":2,"name":"Impressum"}]}]}},"wp-worthy-pixel":{"ignored":false,"public":"eb10c41facb541088c1aa2b26fdc8f7c","server":"vg02.met.vgwort.de","url":"https:\/\/vg02.met.vgwort.de\/na\/eb10c41facb541088c1aa2b26fdc8f7c"},"wp-worthy-type":"normal","_links":{"self":[{"href":"https:\/\/www.wein.de\/de\/wp-json\/wp\/v2\/pages\/25"}],"collection":[{"href":"https:\/\/www.wein.de\/de\/wp-json\/wp\/v2\/pages"}],"about":[{"href":"https:\/\/www.wein.de\/de\/wp-json\/wp\/v2\/types\/page"}],"author":[{"embeddable":true,"href":"https:\/\/www.wein.de\/de\/wp-json\/wp\/v2\/users\/2"}],"replies":[{"embeddable":true,"href":"https:\/\/www.wein.de\/de\/wp-json\/wp\/v2\/comments?post=25"}],"version-history":[{"count":30,"href":"https:\/\/www.wein.de\/de\/wp-json\/wp\/v2\/pages\/25\/revisions"}],"predecessor-version":[{"id":3982,"href":"https:\/\/www.wein.de\/de\/wp-json\/wp\/v2\/pages\/25\/revisions\/3982"}],"wp:attachment":[{"href":"https:\/\/www.wein.de\/de\/wp-json\/wp\/v2\/media?parent=25"}],"curies":[{"name":"wp","href":"https:\/\/api.w.org\/{rel}","templated":true}]}}